{"id":42,"date":"2025-10-15T16:35:53","date_gmt":"2025-10-15T16:35:53","guid":{"rendered":"https:\/\/nightofdesirerp.de\/?page_id=42"},"modified":"2026-04-08T22:02:49","modified_gmt":"2026-04-08T22:02:49","slug":"infos","status":"publish","type":"page","link":"https:\/\/nightofdesirerp.de\/?page_id=42","title":{"rendered":"Info"},"content":{"rendered":"<p style=\"text-align: left;\" data-start=\"1013\" data-end=\"1131\"><strong>Willkommen, Fremder!<\/strong><\/p>\n<ol class=\"scrollerInner__36d07\" tabindex=\"0\" role=\"list\" aria-label=\"Nachrichten in \ud83d\udd0d\u30fbanforderungen\" data-list-id=\"chat-messages\" aria-orientation=\"vertical\">\n<li id=\"chat-messages-1484722678157017179-1488225732567236810\" class=\"messageListItem__5126c\" aria-setsize=\"-1\">\n<div class=\"message__5126c cozyMessage__5126c groupStart__5126c wrapper_c19a55 cozy_c19a55 zalgo_c19a55\" tabindex=\"-1\" role=\"article\" data-list-item-id=\"chat-messages___chat-messages-1484722678157017179-1488225732567236810\" aria-setsize=\"-1\" aria-roledescription=\"Nachricht\" aria-labelledby=\"message-username-1488225732567236810 uid_1 message-content-1488225732567236810 uid_2 message-timestamp-1488225732567236810\">\n<div class=\"contents_c19a55\">\n<div id=\"message-content-1488225732567236810\" class=\"markup__75297 messageContent_c19a55\">\n<h1>Anforderungen f\u00fcr unseren Server<\/h1>\n<h2>Schritt 1 &#8211; Spiel installieren<\/h2>\n<p>F\u00fcr RedM (eine Modifikation f\u00fcr RDR2) ben\u00f6tigst du <strong>Red Dead Redemption 2 (RDR2)<\/strong> oder <strong>Red Dead Online (RDO)<\/strong> f\u00fcr den PC. Das Spiel muss \u00fcber <a class=\"anchor_edefb8 anchorUnderlineOnHover_edefb8\" tabindex=\"0\" title=\"Steam\n\n(https:\/\/store.steampowered.com\/app\/1174180\/Red_Dead_Redemption_2\/)\" role=\"button\" href=\"https:\/\/store.steampowered.com\/app\/1174180\/Red_Dead_Redemption_2\/\" target=\"_blank\" rel=\"noreferrer noopener\"><strong>Steam<\/strong><\/a>, <a class=\"anchor_edefb8 anchorUnderlineOnHover_edefb8\" tabindex=\"0\" title=\"Epic Games\n\n(https:\/\/store.epicgames.com\/de\/p\/red-dead-redemption-2)\" role=\"button\" href=\"https:\/\/store.epicgames.com\/de\/p\/red-dead-redemption-2\" target=\"_blank\" rel=\"noreferrer noopener\"><strong>Epic Games<\/strong><\/a> oder den <a class=\"anchor_edefb8 anchorUnderlineOnHover_edefb8\" tabindex=\"0\" title=\"Rockstar Launcher\n\n(https:\/\/store.rockstargames.com\/de\/game\/buy-red-dead-redemption-2)\" role=\"button\" href=\"https:\/\/store.rockstargames.com\/de\/game\/buy-red-dead-redemption-2\" target=\"_blank\" rel=\"noreferrer noopener\"><strong>Rockstar Launcher<\/strong><\/a> gekauft und installiert sein. Damit alles einwandfrei funktioniert, ist stets die <strong>aktuelle Version<\/strong> des Spiels notwendig.<\/p>\n<h2>Schritt 2 &#8211; RedM installieren<\/h2>\n<p>Lade dir nun den <strong>RedM Client<\/strong> herunter, denn er ist notwendig, um dich \u00fcberhaupt mit unserem Server verbinden zu k\u00f6nnen. Diesen holst du dir auf der offiziellen <a class=\"anchor_edefb8 anchorUnderlineOnHover_edefb8\" tabindex=\"0\" title=\"Redm\n\n(https:\/\/redm.net\/)\" role=\"button\" href=\"https:\/\/redm.net\/\" target=\"_blank\" rel=\"noreferrer noopener\"><strong>Redm<\/strong><\/a> Seite.<\/p>\n<div class=\"blockquoteContainer__75297\">\n<div class=\"blockquoteDivider__75297\"><\/div>\n<blockquote><p>RedM: <a class=\"anchor_edefb8 anchorUnderlineOnHover_edefb8\" tabindex=\"0\" title=\"https:\/\/redm.net\/\" role=\"button\" href=\"https:\/\/redm.net\/\" target=\"_blank\" rel=\"noreferrer noopener\">https:\/\/redm.net\/<\/a><\/p><\/blockquote>\n<\/div>\n<h2>Schritt 3 &#8211; Teamspeak installieren<\/h2>\n<p>Zur gemeinsamen Kommunikation im Roleplay verwenden wir <a class=\"anchor_edefb8 anchorUnderlineOnHover_edefb8\" tabindex=\"0\" title=\"Teamspeak\n\n(https:\/\/www.teamspeak.com\/de\/downloads\/#ts3client)\" role=\"button\" href=\"https:\/\/www.teamspeak.com\/de\/downloads\/#ts3client\" target=\"_blank\" rel=\"noreferrer noopener\"><strong>Teamspeak<\/strong><\/a>. Da auf der TS6 Version noch keine Plugins nutzbar sind ben\u00f6tigst du die <strong>TS3 Version<\/strong>.<\/p>\n<div class=\"blockquoteContainer__75297\">\n<div class=\"blockquoteDivider__75297\"><\/div>\n<blockquote><p>Teamspeak: <a class=\"anchor_edefb8 anchorUnderlineOnHover_edefb8\" tabindex=\"0\" title=\"https:\/\/www.teamspeak.com\/de\/downloads\/#ts3client\" role=\"button\" href=\"https:\/\/www.teamspeak.com\/de\/downloads\/#ts3client\" target=\"_blank\" rel=\"noreferrer noopener\">https:\/\/www.teamspeak.com\/de\/downloads\/#ts3client<\/a><\/p><\/blockquote>\n<\/div>\n<\/div>\n<\/div>\n<div class=\"buttonContainer_c19a55\">\n<div class=\"buttons__5126c container__040f0 isHeader__040f0\" role=\"group\" aria-label=\"Nachrichtenaktionen\"><\/div>\n<\/div>\n<\/div>\n<\/li>\n<li id=\"chat-messages-1484722678157017179-1488225770609311834\" class=\"messageListItem__5126c\" aria-setsize=\"-1\">\n<div class=\"message__5126c cozyMessage__5126c wrapper_c19a55 cozy_c19a55 zalgo_c19a55\" tabindex=\"-1\" role=\"article\" data-list-item-id=\"chat-messages___chat-messages-1484722678157017179-1488225770609311834\" aria-setsize=\"-1\" aria-roledescription=\"Nachricht\" aria-labelledby=\"message-username-1488225732567236810 uid_1 message-content-1488225770609311834 uid_2 message-timestamp-1488225770609311834\">\n<div class=\"contents_c19a55\">\n<div id=\"message-content-1488225770609311834\" class=\"markup__75297 messageContent_c19a55\">\n<h2>Schritt 4 &#8211; Yaca Voice Plugin installieren\/aktivieren<\/h2>\n<p>Damit du im Spiel sprechen kannst, ben\u00f6tigst du das Yaca Voice Plugin von <a class=\"anchor_edefb8 anchorUnderlineOnHover_edefb8\" tabindex=\"0\" title=\"Yaca Systems\n\n(https:\/\/yaca.systems\/)\" role=\"button\" href=\"https:\/\/yaca.systems\/\" target=\"_blank\" rel=\"noreferrer noopener\">Yaca Systems<\/a>.<\/p>\n<div class=\"blockquoteContainer__75297\">\n<div class=\"blockquoteDivider__75297\"><\/div>\n<blockquote><p>Yaca Systems: <a class=\"anchor_edefb8 anchorUnderlineOnHover_edefb8\" tabindex=\"0\" title=\"https:\/\/yaca.systems\/\" role=\"button\" href=\"https:\/\/yaca.systems\/\" target=\"_blank\" rel=\"noreferrer noopener\">https:\/\/yaca.systems\/<\/a><\/p><\/blockquote>\n<\/div>\n<p>\u00d6ffne Teamspeak 3 und gehe oben links in der Leiste auf den Men\u00fc Punkt<strong> Extras<\/strong>. Unter der Kategorie <strong>Erweiterungen<\/strong> gelangst du zu einer Liste in welcher sich nun &#8222;<u>Yet-Another-Communication-Addon&#8220;<\/u> befinden sollte.<\/p>\n<ul>\n<li>Steht rechts daneben <strong>Aktiviert<\/strong> ist das Plugin aktiv und du bist bereit f\u00fcrs RP. Sollte dort jedoch <em>Deaktiviert<\/em> stehen klick einmal auf das Wort, um es wiederum zu aktivieren.<\/li>\n<\/ul>\n<h1>Wie verbinde ich mich mit dem Server?<\/h1>\n<ul>\n<li><em>Starte erstmals Teamspeak 3 und verbinde dich mit unserem Ts-Server:<\/em> Dort landest du erstmals im Willkommen Channel und kannst zwar andere Channel besuchen, wirst aber merken, dass der Channel Namens Ingame Passwort gesch\u00fctzt ist. Denn hier f\u00fcr ist unser Plugin da.<\/li>\n<li><em>Auf dem Teamspeak Server angekommen verbindest du dich \u00fcber RedM mit unserem Server:<\/em> Du landest automatisch im Ingame Channel, um nun mit anderen kommunizieren zu k\u00f6nnen, sobald sich jemand in deiner N\u00e4he befindet.<\/li>\n<\/ul>\n<h3>RedM Server IP: 176.118.193.67:30120<\/h3>\n<ul>\n<li>Gebe <code class=\"inline\">connect 176.118.193.67:30120<\/code> in der F8 Console ein<\/li>\n<\/ul>\n<p>oder<\/p>\n<ul>\n<li>Suche in der Server Liste nach <code class=\"inline\">Night of Desire<\/code><\/li>\n<\/ul>\n<h3>Teamspeak Adresse: nightofdesirerp.de<\/h3>\n<ul>\n<li>Verbinde dich oben links mit <code class=\"inline\">Verbinden<\/code><\/li>\n<\/ul>\n<p>oder<\/p>\n<ul>\n<li>F\u00fcge unseren Server unter deinen <code class=\"inline\">Favoriten<\/code> hinzu<\/li>\n<\/ul>\n<p><img loading=\"lazy\" decoding=\"async\" class=\"aligncenter size-large wp-image-96\" src=\"https:\/\/nightofdesirerp.de\/wp-content\/uploads\/image-683x1024.png\" alt=\"\" width=\"683\" height=\"1024\" srcset=\"https:\/\/nightofdesirerp.de\/wp-content\/uploads\/image-683x1024.png 683w, https:\/\/nightofdesirerp.de\/wp-content\/uploads\/image-200x300.png 200w, https:\/\/nightofdesirerp.de\/wp-content\/uploads\/image-768x1152.png 768w, https:\/\/nightofdesirerp.de\/wp-content\/uploads\/image.png 1024w\" sizes=\"auto, (max-width: 683px) 100vw, 683px\" \/><\/p>\n<\/div>\n<\/div>\n<\/div>\n<\/li>\n<\/ol>\n<p>&nbsp;<\/p>\n","protected":false},"excerpt":{"rendered":"<p>Willkommen, Fremder! Anforderungen f\u00fcr unseren Server Schritt 1 &#8211; Spiel installieren F\u00fcr RedM (eine Modifikation f\u00fcr RDR2) ben\u00f6tigst du Red Dead Redemption 2 (RDR2) oder Red Dead Online (RDO) f\u00fcr den PC. Das Spiel muss \u00fcber Steam, Epic Games oder den Rockstar Launcher gekauft und installiert sein. Damit alles einwandfrei funktioniert, ist stets die aktuelle [&hellip;]<\/p>\n","protected":false},"author":1,"featured_media":0,"parent":0,"menu_order":0,"comment_status":"closed","ping_status":"closed","template":"","meta":{"footnotes":""},"class_list":["post-42","page","type-page","status-publish","hentry"],"_links":{"self":[{"href":"https:\/\/nightofdesirerp.de\/index.php?rest_route=\/wp\/v2\/pages\/42","targetHints":{"allow":["GET"]}}],"collection":[{"href":"https:\/\/nightofdesirerp.de\/index.php?rest_route=\/wp\/v2\/pages"}],"about":[{"href":"https:\/\/nightofdesirerp.de\/index.php?rest_route=\/wp\/v2\/types\/page"}],"author":[{"embeddable":true,"href":"https:\/\/nightofdesirerp.de\/index.php?rest_route=\/wp\/v2\/users\/1"}],"replies":[{"embeddable":true,"href":"https:\/\/nightofdesirerp.de\/index.php?rest_route=%2Fwp%2Fv2%2Fcomments&post=42"}],"version-history":[{"count":5,"href":"https:\/\/nightofdesirerp.de\/index.php?rest_route=\/wp\/v2\/pages\/42\/revisions"}],"predecessor-version":[{"id":100,"href":"https:\/\/nightofdesirerp.de\/index.php?rest_route=\/wp\/v2\/pages\/42\/revisions\/100"}],"wp:attachment":[{"href":"https:\/\/nightofdesirerp.de\/index.php?rest_route=%2Fwp%2Fv2%2Fmedia&parent=42"}],"curies":[{"name":"wp","href":"https:\/\/api.w.org\/{rel}","templated":true}]}}